{"id":125,"date":"2025-10-25T14:06:41","date_gmt":"2025-10-25T14:06:41","guid":{"rendered":"https:\/\/nusswerker.kinsta.cloud\/?page_id=125"},"modified":"2025-10-25T14:09:54","modified_gmt":"2025-10-25T14:09:54","slug":"impressum","status":"publish","type":"page","link":"https:\/\/nusswerker.com\/?page_id=125","title":{"rendered":"Impressum"},"content":{"rendered":"\t\t<div data-elementor-type=\"wp-page\" data-elementor-id=\"125\" class=\"elementor elementor-125\" data-elementor-post-type=\"page\">\n\t\t\t\t<div class=\"elementor-element elementor-element-57faaed e-flex e-con-boxed e-con e-parent\" data-id=\"57faaed\" data-element_type=\"container\" data-e-type=\"container\">\n\t\t\t\t\t<div class=\"e-con-inner\">\n\t\t\t\t<div class=\"elementor-element elementor-element-8fa5980 elementor-widget-divider--view-line elementor-widget elementor-widget-divider\" data-id=\"8fa5980\" data-element_type=\"widget\" data-e-type=\"widget\" data-widget_type=\"divider.default\">\n\t\t\t\t\t\t\t<div class=\"elementor-divider\">\n\t\t\t<span class=\"elementor-divider-separator\">\n\t\t\t\t\t\t<\/span>\n\t\t<\/div>\n\t\t\t\t\t\t<\/div>\n\t\t\t\t<div class=\"elementor-element elementor-element-8223d04 elementor-widget elementor-widget-text-editor\" data-id=\"8223d04\" data-element_type=\"widget\" data-e-type=\"widget\" data-widget_type=\"text-editor.default\">\n\t\t\t\t\t\t\t\t\t<h1 data-start=\"240\" data-end=\"255\"><strong data-start=\"242\" data-end=\"255\">Impressum<\/strong><\/h1><p data-start=\"257\" data-end=\"282\"><strong data-start=\"257\" data-end=\"282\">Angaben gem\u00e4\u00df \u00a7 5 TMG<\/strong><\/p><p data-start=\"284\" data-end=\"350\"><strong data-start=\"284\" data-end=\"298\">Martd GmbH<\/strong><br data-start=\"298\" data-end=\"301\" \/>A\u00dflinger Stra\u00dfe 50<br data-start=\"319\" data-end=\"322\" \/>85617 A\u00dfling<br data-start=\"334\" data-end=\"337\" \/>Deutschland<\/p><p data-start=\"352\" data-end=\"512\">E-Mail: <a class=\"decorated-link cursor-pointer\" rel=\"noopener\" data-start=\"407\" data-end=\"456\">info@nusswerker.com<\/a><br data-start=\"456\" data-end=\"459\" \/>Web: <a class=\"decorated-link\" href=\"https:\/\/www.nusswerker.com\" target=\"_new\" rel=\"noopener\" data-start=\"464\" data-end=\"512\">www.nusswerker.com<\/a><\/p><p data-start=\"514\" data-end=\"627\">Vertreten durch den Gesch\u00e4ftsf\u00fchrer:<br data-start=\"551\" data-end=\"554\" \/><em data-start=\"554\" data-end=\"625\">Martin Lechler<\/em><\/p><p data-start=\"514\" data-end=\"627\">Registereintrag:<br data-start=\"645\" data-end=\"648\" \/>Eingetragen im Handelsregister.<br data-start=\"679\" data-end=\"682\" \/>Registergericht: <em data-start=\"701\" data-end=\"730\">Amtsgericht M\u00fcnchen<\/em><br data-start=\"730\" data-end=\"733\" \/>Registernummer: HRB 240493<\/p><p data-start=\"775\" data-end=\"881\">Umsatzsteuer-Identifikationsnummer gem\u00e4\u00df \u00a7 27a Umsatzsteuergesetz:<br data-start=\"841\" data-end=\"844\" \/><strong data-start=\"844\" data-end=\"860\">DE-318190733<\/strong><\/p><hr data-start=\"883\" data-end=\"886\" \/><h2 data-start=\"888\" data-end=\"946\"><strong data-start=\"891\" data-end=\"946\">Verantwortlich f\u00fcr den Inhalt nach \u00a7 18 Abs. 2 MStV<\/strong><\/h2><p data-start=\"948\" data-end=\"1014\"><strong data-start=\"948\" data-end=\"962\">Martd GmbH<\/strong><br data-start=\"962\" data-end=\"965\" \/>A\u00dflinger Stra\u00dfe 50<br data-start=\"983\" data-end=\"986\" \/>85617 A\u00dfling<br data-start=\"998\" data-end=\"1001\" \/>Deutschland<\/p><hr data-start=\"1016\" data-end=\"1019\" \/><h2 data-start=\"1021\" data-end=\"1046\"><strong data-start=\"1024\" data-end=\"1046\">Haftungsausschluss<\/strong><\/h2><h3 data-start=\"1048\" data-end=\"1083\">1. Inhalt des Onlineangebotes<\/h3><p data-start=\"1084\" data-end=\"1250\">Die Inhalte dieser Website wurden mit gr\u00f6\u00dfter Sorgfalt erstellt. F\u00fcr die Richtigkeit, Vollst\u00e4ndigkeit und Aktualit\u00e4t der Inhalte \u00fcbernehmen wir jedoch keine Gew\u00e4hr.<\/p><p data-start=\"1252\" data-end=\"1612\">Als Diensteanbieter sind wir gem\u00e4\u00df \u00a7 7 Abs. 1 TMG f\u00fcr eigene Inhalte auf diesen Seiten nach den allgemeinen Gesetzen verantwortlich.<br data-start=\"1384\" data-end=\"1387\" \/>Nach \u00a7\u00a7 8 bis 10 TMG sind wir als Diensteanbieter jedoch nicht verpflichtet, \u00fcbermittelte oder gespeicherte fremde Informationen zu \u00fcberwachen oder nach Umst\u00e4nden zu forschen, die auf eine rechtswidrige T\u00e4tigkeit hinweisen.<\/p><p data-start=\"1614\" data-end=\"1966\">Verpflichtungen zur Entfernung oder Sperrung der Nutzung von Informationen nach den allgemeinen Gesetzen bleiben hiervon unber\u00fchrt.<br data-start=\"1745\" data-end=\"1748\" \/>Eine diesbez\u00fcgliche Haftung ist jedoch erst ab dem Zeitpunkt der Kenntnis einer konkreten Rechtsverletzung m\u00f6glich.<br data-start=\"1863\" data-end=\"1866\" \/>Bei Bekanntwerden von entsprechenden Rechtsverletzungen werden wir diese Inhalte umgehend entfernen.<\/p><hr data-start=\"1968\" data-end=\"1971\" \/><h3 data-start=\"1973\" data-end=\"1999\">2. Haftung f\u00fcr Links<\/h3><p data-start=\"2000\" data-end=\"2296\">Unser Angebot enth\u00e4lt Links zu externen Websites Dritter, auf deren Inhalte wir keinen Einfluss haben.<br data-start=\"2102\" data-end=\"2105\" \/>Deshalb k\u00f6nnen wir f\u00fcr diese fremden Inhalte auch keine Gew\u00e4hr \u00fcbernehmen.<br data-start=\"2179\" data-end=\"2182\" \/>F\u00fcr die Inhalte der verlinkten Seiten ist stets der jeweilige Anbieter oder Betreiber der Seiten verantwortlich.<\/p><p data-start=\"2298\" data-end=\"2700\">Die verlinkten Seiten wurden zum Zeitpunkt der Verlinkung auf m\u00f6gliche Rechtsverst\u00f6\u00dfe \u00fcberpr\u00fcft.<br data-start=\"2394\" data-end=\"2397\" \/>Rechtswidrige Inhalte waren zum Zeitpunkt der Verlinkung nicht erkennbar.<br data-start=\"2470\" data-end=\"2473\" \/>Eine permanente inhaltliche Kontrolle der verlinkten Seiten ist jedoch ohne konkrete Anhaltspunkte einer Rechtsverletzung nicht zumutbar.<br data-start=\"2610\" data-end=\"2613\" \/>Bei Bekanntwerden von Rechtsverletzungen werden wir derartige Links umgehend entfernen.<\/p><hr data-start=\"2702\" data-end=\"2705\" \/><h3 data-start=\"2707\" data-end=\"2728\">3. Urheberrecht<\/h3><p data-start=\"2729\" data-end=\"3045\">Die durch die Seitenbetreiber erstellten Inhalte und Werke auf diesen Seiten unterliegen dem deutschen Urheberrecht.<br data-start=\"2845\" data-end=\"2848\" \/>Die Vervielf\u00e4ltigung, Bearbeitung, Verbreitung und jede Art der Verwertung au\u00dferhalb der Grenzen des Urheberrechts bed\u00fcrfen der <strong data-start=\"2976\" data-end=\"3004\">schriftlichen Zustimmung<\/strong> des jeweiligen Autors bzw. Erstellers.<\/p><p data-start=\"3047\" data-end=\"3149\">Downloads und Kopien dieser Seite sind nur f\u00fcr den privaten, nicht kommerziellen Gebrauch gestattet.<\/p><p data-start=\"3151\" data-end=\"3542\">Soweit die Inhalte auf dieser Seite nicht vom Betreiber erstellt wurden, werden die Urheberrechte Dritter beachtet.<br data-start=\"3266\" data-end=\"3269\" \/>Insbesondere werden Inhalte Dritter als solche gekennzeichnet.<br data-start=\"3331\" data-end=\"3334\" \/>Sollten Sie trotzdem auf eine Urheberrechtsverletzung aufmerksam werden, bitten wir um einen entsprechenden Hinweis.<br data-start=\"3450\" data-end=\"3453\" \/>Bei Bekanntwerden von Rechtsverletzungen werden wir derartige Inhalte umgehend entfernen.<\/p><hr data-start=\"3544\" data-end=\"3547\" \/><h3 data-start=\"3549\" data-end=\"3570\">4. Markenrechte<\/h3><p data-start=\"3571\" data-end=\"4059\">Alle innerhalb des Internetangebots genannten und ggf. durch Dritte gesch\u00fctzten Marken- und Warenzeichen unterliegen uneingeschr\u00e4nkt den Bestimmungen des jeweils g\u00fcltigen Kennzeichenrechts und den Besitzrechten der jeweiligen eingetragenen Eigent\u00fcmer.<br data-start=\"3822\" data-end=\"3825\" \/>Allein aufgrund der blo\u00dfen Nennung ist nicht der Schluss zu ziehen, dass Markenzeichen nicht durch Rechte Dritter gesch\u00fctzt sind.<br data-start=\"3954\" data-end=\"3957\" \/>Eigene Marken der Martd GmbH d\u00fcrfen ohne ausdr\u00fcckliche schriftliche Zustimmung nicht verwendet werden.<\/p><hr data-start=\"4061\" data-end=\"4064\" \/><h3 data-start=\"4066\" data-end=\"4090\">5. Streitbeilegung<\/h3><p data-start=\"4091\" data-end=\"4256\">Die Europ\u00e4ische Kommission stellt eine Plattform zur Online-Streitbeilegung (OS) bereit:<br data-start=\"4179\" data-end=\"4182\" \/><a class=\"decorated-link cursor-pointer\" target=\"_new\" rel=\"noopener\" data-start=\"4182\" data-end=\"4254\">https:\/\/ec.europa.eu\/consumers\/odr<\/a><\/p><p data-start=\"4258\" data-end=\"4440\">Unsere E-Mail-Adresse finden Sie oben im Impressum.<br data-start=\"4309\" data-end=\"4312\" \/>Wir sind nicht verpflichtet und nicht bereit, an Streitbeilegungsverfahren vor einer Verbraucherschlichtungsstelle teilzunehmen.<\/p><hr data-start=\"4442\" data-end=\"4445\" \/><h3 data-start=\"4447\" data-end=\"4501\">6. Rechtswirksamkeit dieses Haftungsausschlusses<\/h3><p data-start=\"4502\" data-end=\"4861\">Dieser Haftungsausschluss ist als Teil des Internetangebotes zu betrachten, von dem aus auf diese Seite verwiesen wurde.<br data-start=\"4622\" data-end=\"4625\" \/>Sofern Teile oder einzelne Formulierungen dieses Textes der geltenden Rechtslage nicht, nicht mehr oder nicht vollst\u00e4ndig entsprechen sollten, bleiben die \u00fcbrigen Teile des Dokuments in ihrem Inhalt und ihrer G\u00fcltigkeit davon unber\u00fchrt.<\/p>\t\t\t\t\t\t\t\t<\/div>\n\t\t\t\t\t<\/div>\n\t\t\t\t<\/div>\n\t\t\t\t<\/div>\n\t\t","protected":false},"excerpt":{"rendered":"<p>Impressum Angaben gem\u00e4\u00df \u00a7 5 TMG Martd GmbHA\u00dflinger Stra\u00dfe 5085617 A\u00dflingDeutschland E-Mail: info@nusswerker.comWeb: www.nusswerker.com Vertreten durch den Gesch\u00e4ftsf\u00fchrer:Martin Lechler Registereintrag:Eingetragen im Handelsregister.Registergericht: Amtsgericht M\u00fcnchenRegisternummer: HRB 240493 Umsatzsteuer-Identifikationsnummer gem\u00e4\u00df \u00a7 27a Umsatzsteuergesetz:DE-318190733 Verantwortlich f\u00fcr den Inhalt nach \u00a7 18 Abs. 2 MStV Martd GmbHA\u00dflinger Stra\u00dfe 5085617 A\u00dflingDeutschland Haftungsausschluss 1. Inhalt des Onlineangebotes Die Inhalte dieser Website [&hellip;]<\/p>\n","protected":false},"author":1,"featured_media":0,"parent":0,"menu_order":0,"comment_status":"closed","ping_status":"closed","template":"","meta":{"footnotes":""},"class_list":["post-125","page","type-page","status-publish","hentry"],"yoast_head":"<!-- This site is optimized with the Yoast SEO plugin v26.2 - https:\/\/yoast.com\/wordpress\/plugins\/seo\/ -->\n<title>Impressum - Nusswerker<\/title>\n<meta name=\"robots\" content=\"index, follow, max-snippet:-1, max-image-preview:large, max-video-preview:-1\" \/>\n<link rel=\"canonical\" href=\"https:\/\/nusswerker.com\/?page_id=125\" \/>\n<meta property=\"og:locale\" content=\"de_DE\" \/>\n<meta property=\"og:type\" content=\"article\" \/>\n<meta property=\"og:title\" content=\"Impressum - Nusswerker\" \/>\n<meta property=\"og:description\" content=\"Impressum Angaben gem\u00e4\u00df \u00a7 5 TMG Martd GmbHA\u00dflinger Stra\u00dfe 5085617 A\u00dflingDeutschland E-Mail: info@nusswerker.comWeb: www.nusswerker.com Vertreten durch den Gesch\u00e4ftsf\u00fchrer:Martin Lechler Registereintrag:Eingetragen im Handelsregister.Registergericht: Amtsgericht M\u00fcnchenRegisternummer: HRB 240493 Umsatzsteuer-Identifikationsnummer gem\u00e4\u00df \u00a7 27a Umsatzsteuergesetz:DE-318190733 Verantwortlich f\u00fcr den Inhalt nach \u00a7 18 Abs. 2 MStV Martd GmbHA\u00dflinger Stra\u00dfe 5085617 A\u00dflingDeutschland Haftungsausschluss 1. Inhalt des Onlineangebotes Die Inhalte dieser Website [&hellip;]\" \/>\n<meta property=\"og:url\" content=\"https:\/\/nusswerker.com\/?page_id=125\" \/>\n<meta property=\"og:site_name\" content=\"Nusswerker\" \/>\n<meta property=\"article:modified_time\" content=\"2025-10-25T14:09:54+00:00\" \/>\n<meta name=\"twitter:card\" content=\"summary_large_image\" \/>\n<meta name=\"twitter:label1\" content=\"Gesch\u00e4tzte Lesezeit\" \/>\n\t<meta name=\"twitter:data1\" content=\"3\u00a0Minuten\" \/>\n<script type=\"application\/ld+json\" class=\"yoast-schema-graph\">{\"@context\":\"https:\/\/schema.org\",\"@graph\":[{\"@type\":\"WebPage\",\"@id\":\"https:\/\/nusswerker.com\/?page_id=125\",\"url\":\"https:\/\/nusswerker.com\/?page_id=125\",\"name\":\"Impressum - Nusswerker\",\"isPartOf\":{\"@id\":\"https:\/\/nusswerker.com\/#website\"},\"datePublished\":\"2025-10-25T14:06:41+00:00\",\"dateModified\":\"2025-10-25T14:09:54+00:00\",\"breadcrumb\":{\"@id\":\"https:\/\/nusswerker.com\/?page_id=125#breadcrumb\"},\"inLanguage\":\"de\",\"potentialAction\":[{\"@type\":\"ReadAction\",\"target\":[\"https:\/\/nusswerker.com\/?page_id=125\"]}]},{\"@type\":\"BreadcrumbList\",\"@id\":\"https:\/\/nusswerker.com\/?page_id=125#breadcrumb\",\"itemListElement\":[{\"@type\":\"ListItem\",\"position\":1,\"name\":\"Home\",\"item\":\"https:\/\/nusswerker.com\/\"},{\"@type\":\"ListItem\",\"position\":2,\"name\":\"Impressum\"}]},{\"@type\":\"WebSite\",\"@id\":\"https:\/\/nusswerker.com\/#website\",\"url\":\"https:\/\/nusswerker.com\/\",\"name\":\"Nusswerker\",\"description\":\"\",\"publisher\":{\"@id\":\"https:\/\/nusswerker.com\/#organization\"},\"potentialAction\":[{\"@type\":\"SearchAction\",\"target\":{\"@type\":\"EntryPoint\",\"urlTemplate\":\"https:\/\/nusswerker.com\/?s={search_term_string}\"},\"query-input\":{\"@type\":\"PropertyValueSpecification\",\"valueRequired\":true,\"valueName\":\"search_term_string\"}}],\"inLanguage\":\"de\"},{\"@type\":\"Organization\",\"@id\":\"https:\/\/nusswerker.com\/#organization\",\"name\":\"Nusswerker\",\"url\":\"https:\/\/nusswerker.com\/\",\"logo\":{\"@type\":\"ImageObject\",\"inLanguage\":\"de\",\"@id\":\"https:\/\/nusswerker.com\/#\/schema\/logo\/image\/\",\"url\":\"https:\/\/nusswerker.com\/wp-content\/uploads\/2025\/10\/Nusswerker-Logo.png\",\"contentUrl\":\"https:\/\/nusswerker.com\/wp-content\/uploads\/2025\/10\/Nusswerker-Logo.png\",\"width\":1000,\"height\":222,\"caption\":\"Nusswerker\"},\"image\":{\"@id\":\"https:\/\/nusswerker.com\/#\/schema\/logo\/image\/\"}}]}<\/script>\n<!-- \/ Yoast SEO plugin. -->","yoast_head_json":{"title":"Impressum - Nusswerker","robots":{"index":"index","follow":"follow","max-snippet":"max-snippet:-1","max-image-preview":"max-image-preview:large","max-video-preview":"max-video-preview:-1"},"canonical":"https:\/\/nusswerker.com\/?page_id=125","og_locale":"de_DE","og_type":"article","og_title":"Impressum - Nusswerker","og_description":"Impressum Angaben gem\u00e4\u00df \u00a7 5 TMG Martd GmbHA\u00dflinger Stra\u00dfe 5085617 A\u00dflingDeutschland E-Mail: info@nusswerker.comWeb: www.nusswerker.com Vertreten durch den Gesch\u00e4ftsf\u00fchrer:Martin Lechler Registereintrag:Eingetragen im Handelsregister.Registergericht: Amtsgericht M\u00fcnchenRegisternummer: HRB 240493 Umsatzsteuer-Identifikationsnummer gem\u00e4\u00df \u00a7 27a Umsatzsteuergesetz:DE-318190733 Verantwortlich f\u00fcr den Inhalt nach \u00a7 18 Abs. 2 MStV Martd GmbHA\u00dflinger Stra\u00dfe 5085617 A\u00dflingDeutschland Haftungsausschluss 1. Inhalt des Onlineangebotes Die Inhalte dieser Website [&hellip;]","og_url":"https:\/\/nusswerker.com\/?page_id=125","og_site_name":"Nusswerker","article_modified_time":"2025-10-25T14:09:54+00:00","twitter_card":"summary_large_image","twitter_misc":{"Gesch\u00e4tzte Lesezeit":"3\u00a0Minuten"},"schema":{"@context":"https:\/\/schema.org","@graph":[{"@type":"WebPage","@id":"https:\/\/nusswerker.com\/?page_id=125","url":"https:\/\/nusswerker.com\/?page_id=125","name":"Impressum - Nusswerker","isPartOf":{"@id":"https:\/\/nusswerker.com\/#website"},"datePublished":"2025-10-25T14:06:41+00:00","dateModified":"2025-10-25T14:09:54+00:00","breadcrumb":{"@id":"https:\/\/nusswerker.com\/?page_id=125#breadcrumb"},"inLanguage":"de","potentialAction":[{"@type":"ReadAction","target":["https:\/\/nusswerker.com\/?page_id=125"]}]},{"@type":"BreadcrumbList","@id":"https:\/\/nusswerker.com\/?page_id=125#breadcrumb","itemListElement":[{"@type":"ListItem","position":1,"name":"Home","item":"https:\/\/nusswerker.com\/"},{"@type":"ListItem","position":2,"name":"Impressum"}]},{"@type":"WebSite","@id":"https:\/\/nusswerker.com\/#website","url":"https:\/\/nusswerker.com\/","name":"Nusswerker","description":"","publisher":{"@id":"https:\/\/nusswerker.com\/#organization"},"potentialAction":[{"@type":"SearchAction","target":{"@type":"EntryPoint","urlTemplate":"https:\/\/nusswerker.com\/?s={search_term_string}"},"query-input":{"@type":"PropertyValueSpecification","valueRequired":true,"valueName":"search_term_string"}}],"inLanguage":"de"},{"@type":"Organization","@id":"https:\/\/nusswerker.com\/#organization","name":"Nusswerker","url":"https:\/\/nusswerker.com\/","logo":{"@type":"ImageObject","inLanguage":"de","@id":"https:\/\/nusswerker.com\/#\/schema\/logo\/image\/","url":"https:\/\/nusswerker.com\/wp-content\/uploads\/2025\/10\/Nusswerker-Logo.png","contentUrl":"https:\/\/nusswerker.com\/wp-content\/uploads\/2025\/10\/Nusswerker-Logo.png","width":1000,"height":222,"caption":"Nusswerker"},"image":{"@id":"https:\/\/nusswerker.com\/#\/schema\/logo\/image\/"}}]}},"_links":{"self":[{"href":"https:\/\/nusswerker.com\/index.php?rest_route=\/wp\/v2\/pages\/125","targetHints":{"allow":["GET"]}}],"collection":[{"href":"https:\/\/nusswerker.com\/index.php?rest_route=\/wp\/v2\/pages"}],"about":[{"href":"https:\/\/nusswerker.com\/index.php?rest_route=\/wp\/v2\/types\/page"}],"author":[{"embeddable":true,"href":"https:\/\/nusswerker.com\/index.php?rest_route=\/wp\/v2\/users\/1"}],"replies":[{"embeddable":true,"href":"https:\/\/nusswerker.com\/index.php?rest_route=%2Fwp%2Fv2%2Fcomments&post=125"}],"version-history":[{"count":7,"href":"https:\/\/nusswerker.com\/index.php?rest_route=\/wp\/v2\/pages\/125\/revisions"}],"predecessor-version":[{"id":132,"href":"https:\/\/nusswerker.com\/index.php?rest_route=\/wp\/v2\/pages\/125\/revisions\/132"}],"wp:attachment":[{"href":"https:\/\/nusswerker.com\/index.php?rest_route=%2Fwp%2Fv2%2Fmedia&parent=125"}],"curies":[{"name":"wp","href":"https:\/\/api.w.org\/{rel}","templated":true}]}}