{"id":119,"date":"2025-10-25T14:03:36","date_gmt":"2025-10-25T14:03:36","guid":{"rendered":"https:\/\/nusswerker.kinsta.cloud\/?page_id=119"},"modified":"2025-10-25T14:06:17","modified_gmt":"2025-10-25T14:06:17","slug":"datenschutz","status":"publish","type":"page","link":"https:\/\/nusswerker.com\/?page_id=119","title":{"rendered":"Datenschutz"},"content":{"rendered":"\t\t<div data-elementor-type=\"wp-page\" data-elementor-id=\"119\" class=\"elementor elementor-119\" data-elementor-post-type=\"page\">\n\t\t\t\t<div class=\"elementor-element elementor-element-2761121 e-flex e-con-boxed e-con e-parent\" data-id=\"2761121\" data-element_type=\"container\" data-e-type=\"container\">\n\t\t\t\t\t<div class=\"e-con-inner\">\n\t\t\t\t<div class=\"elementor-element elementor-element-a583a3a elementor-widget-divider--view-line elementor-widget elementor-widget-divider\" data-id=\"a583a3a\" data-element_type=\"widget\" data-e-type=\"widget\" data-widget_type=\"divider.default\">\n\t\t\t\t\t\t\t<div class=\"elementor-divider\">\n\t\t\t<span class=\"elementor-divider-separator\">\n\t\t\t\t\t\t<\/span>\n\t\t<\/div>\n\t\t\t\t\t\t<\/div>\n\t\t\t\t<div class=\"elementor-element elementor-element-6ac4fd8 elementor-widget elementor-widget-text-editor\" data-id=\"6ac4fd8\" data-element_type=\"widget\" data-e-type=\"widget\" data-widget_type=\"text-editor.default\">\n\t\t\t\t\t\t\t\t\t<h1 data-start=\"277\" data-end=\"303\"><strong data-start=\"279\" data-end=\"303\">Datenschutzerkl\u00e4rung<\/strong><\/h1><h2 data-start=\"305\" data-end=\"329\">1. Verantwortlicher<\/h2><p data-start=\"330\" data-end=\"396\"><strong data-start=\"330\" data-end=\"344\">Martd GmbH<\/strong><br data-start=\"344\" data-end=\"347\" \/>A\u00dflinger Stra\u00dfe 50<br data-start=\"365\" data-end=\"368\" \/>85617 A\u00dfling<br data-start=\"380\" data-end=\"383\" \/>Deutschland<\/p><p data-start=\"398\" data-end=\"515\">E-Mail: <a class=\"decorated-link cursor-pointer\" rel=\"noopener\" data-start=\"406\" data-end=\"455\">info@nusswerker.com<\/a><br data-start=\"455\" data-end=\"458\" \/>Website: <a class=\"decorated-link\" href=\"https:\/\/www.nusswerker.com\" target=\"_new\" rel=\"noopener\" data-start=\"467\" data-end=\"515\">www.nusswerker.com<\/a><\/p><p data-start=\"517\" data-end=\"638\">Verantwortlich im Sinne der Datenschutz-Grundverordnung (DSGVO) ist die Martd GmbH, vertreten durch die Gesch\u00e4ftsf\u00fchrung.<\/p><hr data-start=\"640\" data-end=\"643\" \/><h2 data-start=\"645\" data-end=\"692\">2. Allgemeine Hinweise zur Datenverarbeitung<\/h2><p data-start=\"694\" data-end=\"885\">Wir nehmen den Schutz Ihrer personenbezogenen Daten sehr ernst. Ihre Daten werden vertraulich und gem\u00e4\u00df den gesetzlichen Datenschutzvorschriften sowie dieser Datenschutzerkl\u00e4rung behandelt.<\/p><p data-start=\"887\" data-end=\"1116\">Personenbezogene Daten werden nur erhoben, verarbeitet und genutzt, soweit dies zur Bereitstellung einer funktionsf\u00e4higen Website sowie unserer Inhalte und Leistungen erforderlich ist oder Sie uns Ihre Einwilligung erteilt haben.<\/p><hr data-start=\"1118\" data-end=\"1121\" \/><h2 data-start=\"1123\" data-end=\"1218\">3. Erhebung und Speicherung personenbezogener Daten sowie Art und Zweck von deren Verwendung<\/h2><h3 data-start=\"1220\" data-end=\"1250\">a) Beim Besuch der Website<\/h3><p data-start=\"1251\" data-end=\"1624\">Beim Aufrufen unserer Website <strong data-start=\"1281\" data-end=\"1303\"><a class=\"decorated-link\" href=\"http:\/\/www.nusswerker.com\" target=\"_new\" rel=\"noopener\" data-start=\"1283\" data-end=\"1301\">www.nusswerker.com<\/a><\/strong> werden durch den auf Ihrem Endger\u00e4t zum Einsatz kommenden Browser automatisch Informationen an den Server unserer Website gesendet. Diese Informationen werden tempor\u00e4r in einem sogenannten Logfile gespeichert.<br data-start=\"1513\" data-end=\"1516\" \/>Folgende Informationen werden dabei ohne Ihr Zutun erfasst und bis zur automatisierten L\u00f6schung gespeichert:<\/p><ul data-start=\"1626\" data-end=\"1904\"><li data-start=\"1626\" data-end=\"1665\"><p data-start=\"1628\" data-end=\"1665\">IP-Adresse des anfragenden Rechners<\/p><\/li><li data-start=\"1666\" data-end=\"1700\"><p data-start=\"1668\" data-end=\"1700\">Datum und Uhrzeit des Zugriffs<\/p><\/li><li data-start=\"1701\" data-end=\"1739\"><p data-start=\"1703\" data-end=\"1739\">Name und URL der abgerufenen Datei<\/p><\/li><li data-start=\"1740\" data-end=\"1799\"><p data-start=\"1742\" data-end=\"1799\">Website, von der aus der Zugriff erfolgt (Referrer-URL)<\/p><\/li><li data-start=\"1800\" data-end=\"1904\"><p data-start=\"1802\" data-end=\"1904\">verwendeter Browser und ggf. das Betriebssystem Ihres Rechners sowie der Name Ihres Access-Providers<\/p><\/li><\/ul><p data-start=\"1906\" data-end=\"1976\">Die genannten Daten werden durch uns zu folgenden Zwecken verarbeitet:<\/p><ul data-start=\"1978\" data-end=\"2210\"><li data-start=\"1978\" data-end=\"2048\"><p data-start=\"1980\" data-end=\"2048\">Gew\u00e4hrleistung eines reibungslosen Verbindungsaufbaus der Website,<\/p><\/li><li data-start=\"2049\" data-end=\"2111\"><p data-start=\"2051\" data-end=\"2111\">Gew\u00e4hrleistung einer komfortablen Nutzung unserer Website,<\/p><\/li><li data-start=\"2112\" data-end=\"2169\"><p data-start=\"2114\" data-end=\"2169\">Auswertung der Systemsicherheit und -stabilit\u00e4t sowie<\/p><\/li><li data-start=\"2170\" data-end=\"2210\"><p data-start=\"2172\" data-end=\"2210\">zu weiteren administrativen Zwecken.<\/p><\/li><\/ul><p data-start=\"2212\" data-end=\"2364\">Die Rechtsgrundlage f\u00fcr die Datenverarbeitung ist <strong data-start=\"2262\" data-end=\"2292\">Art. 6 Abs. 1 lit. f DSGVO<\/strong>. Unser berechtigtes Interesse folgt aus den oben aufgelisteten Zwecken.<\/p><hr data-start=\"2366\" data-end=\"2369\" \/><h3 data-start=\"2371\" data-end=\"2410\">b) Bei Nutzung des Kontaktformulars<\/h3><p data-start=\"2411\" data-end=\"2622\">Wenn Sie uns \u00fcber das auf der Website bereitgestellte Formular kontaktieren, werden die von Ihnen eingegebenen Daten (z. B. Name, E-Mail-Adresse, Nachricht) zum Zweck der Bearbeitung Ihrer Anfrage gespeichert.<\/p><p data-start=\"2624\" data-end=\"2949\">Die Verarbeitung der Daten erfolgt auf Grundlage von <strong data-start=\"2677\" data-end=\"2707\">Art. 6 Abs. 1 lit. b DSGVO<\/strong>, sofern Ihre Anfrage mit der Erf\u00fcllung eines Vertrags oder vorvertraglicher Ma\u00dfnahmen zusammenh\u00e4ngt, oder auf Grundlage von <strong data-start=\"2832\" data-end=\"2862\">Art. 6 Abs. 1 lit. f DSGVO<\/strong>, da wir ein berechtigtes Interesse an der effektiven Bearbeitung Ihrer Anfragen haben.<\/p><p data-start=\"2951\" data-end=\"3096\">Ihre Daten werden gel\u00f6scht, sobald Ihre Anfrage abschlie\u00dfend bearbeitet ist, es sei denn, gesetzliche Aufbewahrungspflichten stehen dem entgegen.<\/p><hr data-start=\"3098\" data-end=\"3101\" \/><h2 data-start=\"3103\" data-end=\"3140\">4. Verwendung von Google Analytics<\/h2><p data-start=\"3142\" data-end=\"3292\">Diese Website verwendet <strong data-start=\"3166\" data-end=\"3186\">Google Analytics<\/strong>, einen Webanalysedienst der <strong data-start=\"3215\" data-end=\"3241\">Google Ireland Limited<\/strong> (Gordon House, Barrow Street, Dublin 4, Irland).<\/p><p data-start=\"3294\" data-end=\"3600\">Google Analytics verwendet Cookies, die eine Analyse der Benutzung der Website durch Sie erm\u00f6glichen. Die durch das Cookie erzeugten Informationen \u00fcber Ihre Benutzung dieser Website (einschlie\u00dflich Ihrer IP-Adresse) werden in der Regel an einen Server von Google in den USA \u00fcbertragen und dort gespeichert.<\/p><p data-start=\"3602\" data-end=\"3850\">Wir nutzen Google Analytics ausschlie\u00dflich mit aktivierter <strong data-start=\"3661\" data-end=\"3682\">IP-Anonymisierung<\/strong>. Das bedeutet, dass Ihre IP-Adresse von Google innerhalb der EU oder in anderen Vertragsstaaten des Abkommens \u00fcber den Europ\u00e4ischen Wirtschaftsraum zuvor gek\u00fcrzt wird.<\/p><p data-start=\"3852\" data-end=\"4136\">Im Auftrag des Betreibers dieser Website wird Google diese Informationen benutzen, um Ihre Nutzung der Website auszuwerten, um Reports \u00fcber die Websiteaktivit\u00e4ten zusammenzustellen und um weitere mit der Websitenutzung und der Internetnutzung verbundene Dienstleistungen zu erbringen.<\/p><p data-start=\"4138\" data-end=\"4324\">Rechtsgrundlage der Verarbeitung ist Ihre <strong data-start=\"4180\" data-end=\"4229\">Einwilligung gem\u00e4\u00df Art. 6 Abs. 1 lit. a DSGVO<\/strong>.<br data-start=\"4230\" data-end=\"4233\" \/>Sie k\u00f6nnen Ihre Einwilligung jederzeit \u00fcber das Cookie-Banner auf der Website widerrufen.<\/p><p data-start=\"4326\" data-end=\"4469\">Weitere Informationen zum Datenschutz bei Google finden Sie unter:<br data-start=\"4392\" data-end=\"4395\" \/><a class=\"decorated-link cursor-pointer\" target=\"_new\" rel=\"noopener\" data-start=\"4395\" data-end=\"4469\">https:\/\/policies.google.com\/privacy<\/a><\/p><hr data-start=\"4471\" data-end=\"4474\" \/><h2 data-start=\"4476\" data-end=\"4489\">5. Cookies<\/h2><p data-start=\"4491\" data-end=\"4720\">Unsere Website verwendet Cookies. Cookies sind kleine Textdateien, die auf Ihrem Endger\u00e4t gespeichert werden und die Ihr Browser speichert.<br data-start=\"4630\" data-end=\"4633\" \/>Sie dienen dazu, unser Angebot nutzerfreundlicher, effektiver und sicherer zu machen.<\/p><p data-start=\"4722\" data-end=\"4939\">Die meisten der von uns verwendeten Cookies sind sogenannte <strong data-start=\"4782\" data-end=\"4803\">\u201eSession-Cookies\u201c<\/strong>, die nach Ende Ihres Besuchs automatisch gel\u00f6scht werden. Andere Cookies bleiben auf Ihrem Endger\u00e4t gespeichert, bis Sie diese l\u00f6schen.<\/p><p data-start=\"4941\" data-end=\"4996\">Die Rechtsgrundlage h\u00e4ngt von der Art des Cookies ab:<\/p><ul data-start=\"4997\" data-end=\"5162\"><li data-start=\"4997\" data-end=\"5086\"><p data-start=\"4999\" data-end=\"5086\"><strong data-start=\"4999\" data-end=\"5032\">Technisch notwendige Cookies:<\/strong> Art. 6 Abs. 1 lit. f DSGVO (berechtigtes Interesse)<\/p><\/li><li data-start=\"5087\" data-end=\"5162\"><p data-start=\"5089\" data-end=\"5162\"><strong data-start=\"5089\" data-end=\"5120\">Analyse-\/Marketing-Cookies:<\/strong> Art. 6 Abs. 1 lit. a DSGVO (Einwilligung)<\/p><\/li><\/ul><hr data-start=\"5164\" data-end=\"5167\" \/><h2 data-start=\"5169\" data-end=\"5182\">6. Hosting<\/h2><p data-start=\"5184\" data-end=\"5379\">Diese Website wird auf Servern eines von uns beauftragten <strong data-start=\"5242\" data-end=\"5268\">Hosting-Dienstleisters<\/strong> betrieben. Mit diesem Anbieter wurde ein Vertrag zur Auftragsverarbeitung gem\u00e4\u00df <strong data-start=\"5349\" data-end=\"5366\">Art. 28 DSGVO<\/strong> geschlossen.<\/p><hr data-start=\"5381\" data-end=\"5384\" \/><h2 data-start=\"5386\" data-end=\"5412\">7. Weitergabe von Daten<\/h2><p data-start=\"5414\" data-end=\"5513\">Eine \u00dcbermittlung Ihrer pers\u00f6nlichen Daten an Dritte findet grunds\u00e4tzlich nicht statt, es sei denn:<\/p><ul data-start=\"5514\" data-end=\"5884\"><li data-start=\"5514\" data-end=\"5597\"><p data-start=\"5516\" data-end=\"5597\">Sie haben Ihre ausdr\u00fcckliche Einwilligung erteilt (Art. 6 Abs. 1 lit. a DSGVO),<\/p><\/li><li data-start=\"5598\" data-end=\"5704\"><p data-start=\"5600\" data-end=\"5704\">die Verarbeitung ist zur Erf\u00fcllung eines Vertrags mit Ihnen erforderlich (Art. 6 Abs. 1 lit. b DSGVO),<\/p><\/li><li data-start=\"5705\" data-end=\"5784\"><p data-start=\"5707\" data-end=\"5784\">es besteht eine rechtliche Verpflichtung (Art. 6 Abs. 1 lit. c DSGVO), oder<\/p><\/li><li data-start=\"5785\" data-end=\"5884\"><p data-start=\"5787\" data-end=\"5884\">die Weitergabe ist zur Wahrung berechtigter Interessen erforderlich (Art. 6 Abs. 1 lit. f DSGVO).<\/p><\/li><\/ul><hr data-start=\"5886\" data-end=\"5889\" \/><h2 data-start=\"5891\" data-end=\"5908\">8. Ihre Rechte<\/h2><p data-start=\"5910\" data-end=\"5930\">Sie haben das Recht:<\/p><ul data-start=\"5931\" data-end=\"6663\"><li data-start=\"5931\" data-end=\"6037\"><p data-start=\"5933\" data-end=\"6037\">gem\u00e4\u00df <strong data-start=\"5939\" data-end=\"5956\">Art. 15 DSGVO<\/strong> Auskunft \u00fcber Ihre von uns verarbeiteten personenbezogenen Daten zu verlangen,<\/p><\/li><li data-start=\"6038\" data-end=\"6178\"><p data-start=\"6040\" data-end=\"6178\">gem\u00e4\u00df <strong data-start=\"6046\" data-end=\"6063\">Art. 16 DSGVO<\/strong> unverz\u00fcglich die Berichtigung unrichtiger oder Vervollst\u00e4ndigung Ihrer bei uns gespeicherten Daten zu verlangen,<\/p><\/li><li data-start=\"6179\" data-end=\"6285\"><p data-start=\"6181\" data-end=\"6285\">gem\u00e4\u00df <strong data-start=\"6187\" data-end=\"6204\">Art. 17 DSGVO<\/strong> die L\u00f6schung Ihrer bei uns gespeicherten personenbezogenen Daten zu verlangen,<\/p><\/li><li data-start=\"6286\" data-end=\"6362\"><p data-start=\"6288\" data-end=\"6362\">gem\u00e4\u00df <strong data-start=\"6294\" data-end=\"6311\">Art. 18 DSGVO<\/strong> die Einschr\u00e4nkung der Verarbeitung zu verlangen,<\/p><\/li><li data-start=\"6363\" data-end=\"6495\"><p data-start=\"6365\" data-end=\"6495\">gem\u00e4\u00df <strong data-start=\"6371\" data-end=\"6388\">Art. 20 DSGVO<\/strong> Ihre personenbezogenen Daten in einem strukturierten, g\u00e4ngigen und maschinenlesbaren Format zu erhalten,<\/p><\/li><li data-start=\"6496\" data-end=\"6588\"><p data-start=\"6498\" data-end=\"6588\">gem\u00e4\u00df <strong data-start=\"6504\" data-end=\"6527\">Art. 7 Abs. 3 DSGVO<\/strong> Ihre einmal erteilte Einwilligung jederzeit zu widerrufen,<\/p><\/li><li data-start=\"6589\" data-end=\"6663\"><p data-start=\"6591\" data-end=\"6663\">gem\u00e4\u00df <strong data-start=\"6597\" data-end=\"6614\">Art. 77 DSGVO<\/strong> sich bei einer Aufsichtsbeh\u00f6rde zu beschweren.<\/p><\/li><\/ul><p data-start=\"6665\" data-end=\"6847\">Zust\u00e4ndige Aufsichtsbeh\u00f6rde in Bayern ist:<br data-start=\"6707\" data-end=\"6710\" \/><strong data-start=\"6710\" data-end=\"6768\">Bayerisches Landesamt f\u00fcr Datenschutzaufsicht (BayLDA)<\/strong><br data-start=\"6768\" data-end=\"6771\" \/>Promenade 18, 91522 Ansbach<br data-start=\"6798\" data-end=\"6801\" \/><a class=\"decorated-link cursor-pointer\" target=\"_new\" rel=\"noopener\" data-start=\"6801\" data-end=\"6847\">www.lda.bayern.de<\/a><\/p><hr data-start=\"6849\" data-end=\"6852\" \/><h2 data-start=\"6854\" data-end=\"6875\">9. Datensicherheit<\/h2><p data-start=\"6877\" data-end=\"7080\">Wir verwenden innerhalb des Website-Besuchs das verbreitete <strong data-start=\"6937\" data-end=\"6954\">SSL-Verfahren<\/strong> (Secure Socket Layer) in Verbindung mit der jeweils h\u00f6chsten Verschl\u00fcsselungsstufe, die von Ihrem Browser unterst\u00fctzt wird.<\/p><p data-start=\"7082\" data-end=\"7309\">Dar\u00fcber hinaus treffen wir geeignete technische und organisatorische Ma\u00dfnahmen, um Ihre Daten gegen zuf\u00e4llige oder vors\u00e4tzliche Manipulationen, teilweisen oder vollst\u00e4ndigen Verlust sowie unbefugten Zugriff Dritter zu sch\u00fctzen.<\/p><hr data-start=\"7311\" data-end=\"7314\" \/><h2 data-start=\"7316\" data-end=\"7374\">10. Aktualit\u00e4t und \u00c4nderung dieser Datenschutzerkl\u00e4rung<\/h2><p data-start=\"7376\" data-end=\"7459\">Diese Datenschutzerkl\u00e4rung ist aktuell g\u00fcltig und hat den Stand <strong data-start=\"7440\" data-end=\"7456\">Oktober 2025<\/strong>.<\/p><p data-start=\"7461\" data-end=\"7790\">Durch die Weiterentwicklung unserer Website oder aufgrund ge\u00e4nderter gesetzlicher bzw. beh\u00f6rdlicher Vorgaben kann es notwendig werden, diese Datenschutzerkl\u00e4rung anzupassen.<br data-start=\"7634\" data-end=\"7637\" \/>Die jeweils aktuelle Fassung finden Sie jederzeit auf unserer Website unter <strong data-start=\"7713\" data-end=\"7789\"><a class=\"decorated-link cursor-pointer\" target=\"_new\" rel=\"noopener\" data-start=\"7715\" data-end=\"7787\">www.nusswerker.com\/datenschutz<\/a><\/strong>.<\/p>\t\t\t\t\t\t\t\t<\/div>\n\t\t\t\t\t<\/div>\n\t\t\t\t<\/div>\n\t\t\t\t<\/div>\n\t\t","protected":false},"excerpt":{"rendered":"<p>Datenschutzerkl\u00e4rung 1. Verantwortlicher Martd GmbHA\u00dflinger Stra\u00dfe 5085617 A\u00dflingDeutschland E-Mail: info@nusswerker.comWebsite: www.nusswerker.com Verantwortlich im Sinne der Datenschutz-Grundverordnung (DSGVO) ist die Martd GmbH, vertreten durch die Gesch\u00e4ftsf\u00fchrung. 2. Allgemeine Hinweise zur Datenverarbeitung Wir nehmen den Schutz Ihrer personenbezogenen Daten sehr ernst. Ihre Daten werden vertraulich und gem\u00e4\u00df den gesetzlichen Datenschutzvorschriften sowie dieser Datenschutzerkl\u00e4rung behandelt. Personenbezogene Daten werden [&hellip;]<\/p>\n","protected":false},"author":1,"featured_media":0,"parent":0,"menu_order":0,"comment_status":"closed","ping_status":"closed","template":"","meta":{"footnotes":""},"class_list":["post-119","page","type-page","status-publish","hentry"],"yoast_head":"<!-- This site is optimized with the Yoast SEO plugin v26.2 - https:\/\/yoast.com\/wordpress\/plugins\/seo\/ -->\n<title>Datenschutz - Nusswerker<\/title>\n<meta name=\"robots\" content=\"index, follow, max-snippet:-1, max-image-preview:large, max-video-preview:-1\" \/>\n<link rel=\"canonical\" href=\"https:\/\/nusswerker.com\/?page_id=119\" \/>\n<meta property=\"og:locale\" content=\"de_DE\" \/>\n<meta property=\"og:type\" content=\"article\" \/>\n<meta property=\"og:title\" content=\"Datenschutz - Nusswerker\" \/>\n<meta property=\"og:description\" content=\"Datenschutzerkl\u00e4rung 1. Verantwortlicher Martd GmbHA\u00dflinger Stra\u00dfe 5085617 A\u00dflingDeutschland E-Mail: info@nusswerker.comWebsite: www.nusswerker.com Verantwortlich im Sinne der Datenschutz-Grundverordnung (DSGVO) ist die Martd GmbH, vertreten durch die Gesch\u00e4ftsf\u00fchrung. 2. Allgemeine Hinweise zur Datenverarbeitung Wir nehmen den Schutz Ihrer personenbezogenen Daten sehr ernst. Ihre Daten werden vertraulich und gem\u00e4\u00df den gesetzlichen Datenschutzvorschriften sowie dieser Datenschutzerkl\u00e4rung behandelt. Personenbezogene Daten werden [&hellip;]\" \/>\n<meta property=\"og:url\" content=\"https:\/\/nusswerker.com\/?page_id=119\" \/>\n<meta property=\"og:site_name\" content=\"Nusswerker\" \/>\n<meta property=\"article:modified_time\" content=\"2025-10-25T14:06:17+00:00\" \/>\n<meta name=\"twitter:card\" content=\"summary_large_image\" \/>\n<meta name=\"twitter:label1\" content=\"Gesch\u00e4tzte Lesezeit\" \/>\n\t<meta name=\"twitter:data1\" content=\"6\u00a0Minuten\" \/>\n<script type=\"application\/ld+json\" class=\"yoast-schema-graph\">{\"@context\":\"https:\/\/schema.org\",\"@graph\":[{\"@type\":\"WebPage\",\"@id\":\"https:\/\/nusswerker.com\/?page_id=119\",\"url\":\"https:\/\/nusswerker.com\/?page_id=119\",\"name\":\"Datenschutz - Nusswerker\",\"isPartOf\":{\"@id\":\"https:\/\/nusswerker.com\/#website\"},\"datePublished\":\"2025-10-25T14:03:36+00:00\",\"dateModified\":\"2025-10-25T14:06:17+00:00\",\"breadcrumb\":{\"@id\":\"https:\/\/nusswerker.com\/?page_id=119#breadcrumb\"},\"inLanguage\":\"de\",\"potentialAction\":[{\"@type\":\"ReadAction\",\"target\":[\"https:\/\/nusswerker.com\/?page_id=119\"]}]},{\"@type\":\"BreadcrumbList\",\"@id\":\"https:\/\/nusswerker.com\/?page_id=119#breadcrumb\",\"itemListElement\":[{\"@type\":\"ListItem\",\"position\":1,\"name\":\"Home\",\"item\":\"https:\/\/nusswerker.com\/\"},{\"@type\":\"ListItem\",\"position\":2,\"name\":\"Datenschutz\"}]},{\"@type\":\"WebSite\",\"@id\":\"https:\/\/nusswerker.com\/#website\",\"url\":\"https:\/\/nusswerker.com\/\",\"name\":\"Nusswerker\",\"description\":\"\",\"publisher\":{\"@id\":\"https:\/\/nusswerker.com\/#organization\"},\"potentialAction\":[{\"@type\":\"SearchAction\",\"target\":{\"@type\":\"EntryPoint\",\"urlTemplate\":\"https:\/\/nusswerker.com\/?s={search_term_string}\"},\"query-input\":{\"@type\":\"PropertyValueSpecification\",\"valueRequired\":true,\"valueName\":\"search_term_string\"}}],\"inLanguage\":\"de\"},{\"@type\":\"Organization\",\"@id\":\"https:\/\/nusswerker.com\/#organization\",\"name\":\"Nusswerker\",\"url\":\"https:\/\/nusswerker.com\/\",\"logo\":{\"@type\":\"ImageObject\",\"inLanguage\":\"de\",\"@id\":\"https:\/\/nusswerker.com\/#\/schema\/logo\/image\/\",\"url\":\"https:\/\/nusswerker.com\/wp-content\/uploads\/2025\/10\/Nusswerker-Logo.png\",\"contentUrl\":\"https:\/\/nusswerker.com\/wp-content\/uploads\/2025\/10\/Nusswerker-Logo.png\",\"width\":1000,\"height\":222,\"caption\":\"Nusswerker\"},\"image\":{\"@id\":\"https:\/\/nusswerker.com\/#\/schema\/logo\/image\/\"}}]}<\/script>\n<!-- \/ Yoast SEO plugin. -->","yoast_head_json":{"title":"Datenschutz - Nusswerker","robots":{"index":"index","follow":"follow","max-snippet":"max-snippet:-1","max-image-preview":"max-image-preview:large","max-video-preview":"max-video-preview:-1"},"canonical":"https:\/\/nusswerker.com\/?page_id=119","og_locale":"de_DE","og_type":"article","og_title":"Datenschutz - Nusswerker","og_description":"Datenschutzerkl\u00e4rung 1. Verantwortlicher Martd GmbHA\u00dflinger Stra\u00dfe 5085617 A\u00dflingDeutschland E-Mail: info@nusswerker.comWebsite: www.nusswerker.com Verantwortlich im Sinne der Datenschutz-Grundverordnung (DSGVO) ist die Martd GmbH, vertreten durch die Gesch\u00e4ftsf\u00fchrung. 2. Allgemeine Hinweise zur Datenverarbeitung Wir nehmen den Schutz Ihrer personenbezogenen Daten sehr ernst. Ihre Daten werden vertraulich und gem\u00e4\u00df den gesetzlichen Datenschutzvorschriften sowie dieser Datenschutzerkl\u00e4rung behandelt. Personenbezogene Daten werden [&hellip;]","og_url":"https:\/\/nusswerker.com\/?page_id=119","og_site_name":"Nusswerker","article_modified_time":"2025-10-25T14:06:17+00:00","twitter_card":"summary_large_image","twitter_misc":{"Gesch\u00e4tzte Lesezeit":"6\u00a0Minuten"},"schema":{"@context":"https:\/\/schema.org","@graph":[{"@type":"WebPage","@id":"https:\/\/nusswerker.com\/?page_id=119","url":"https:\/\/nusswerker.com\/?page_id=119","name":"Datenschutz - Nusswerker","isPartOf":{"@id":"https:\/\/nusswerker.com\/#website"},"datePublished":"2025-10-25T14:03:36+00:00","dateModified":"2025-10-25T14:06:17+00:00","breadcrumb":{"@id":"https:\/\/nusswerker.com\/?page_id=119#breadcrumb"},"inLanguage":"de","potentialAction":[{"@type":"ReadAction","target":["https:\/\/nusswerker.com\/?page_id=119"]}]},{"@type":"BreadcrumbList","@id":"https:\/\/nusswerker.com\/?page_id=119#breadcrumb","itemListElement":[{"@type":"ListItem","position":1,"name":"Home","item":"https:\/\/nusswerker.com\/"},{"@type":"ListItem","position":2,"name":"Datenschutz"}]},{"@type":"WebSite","@id":"https:\/\/nusswerker.com\/#website","url":"https:\/\/nusswerker.com\/","name":"Nusswerker","description":"","publisher":{"@id":"https:\/\/nusswerker.com\/#organization"},"potentialAction":[{"@type":"SearchAction","target":{"@type":"EntryPoint","urlTemplate":"https:\/\/nusswerker.com\/?s={search_term_string}"},"query-input":{"@type":"PropertyValueSpecification","valueRequired":true,"valueName":"search_term_string"}}],"inLanguage":"de"},{"@type":"Organization","@id":"https:\/\/nusswerker.com\/#organization","name":"Nusswerker","url":"https:\/\/nusswerker.com\/","logo":{"@type":"ImageObject","inLanguage":"de","@id":"https:\/\/nusswerker.com\/#\/schema\/logo\/image\/","url":"https:\/\/nusswerker.com\/wp-content\/uploads\/2025\/10\/Nusswerker-Logo.png","contentUrl":"https:\/\/nusswerker.com\/wp-content\/uploads\/2025\/10\/Nusswerker-Logo.png","width":1000,"height":222,"caption":"Nusswerker"},"image":{"@id":"https:\/\/nusswerker.com\/#\/schema\/logo\/image\/"}}]}},"_links":{"self":[{"href":"https:\/\/nusswerker.com\/index.php?rest_route=\/wp\/v2\/pages\/119","targetHints":{"allow":["GET"]}}],"collection":[{"href":"https:\/\/nusswerker.com\/index.php?rest_route=\/wp\/v2\/pages"}],"about":[{"href":"https:\/\/nusswerker.com\/index.php?rest_route=\/wp\/v2\/types\/page"}],"author":[{"embeddable":true,"href":"https:\/\/nusswerker.com\/index.php?rest_route=\/wp\/v2\/users\/1"}],"replies":[{"embeddable":true,"href":"https:\/\/nusswerker.com\/index.php?rest_route=%2Fwp%2Fv2%2Fcomments&post=119"}],"version-history":[{"count":4,"href":"https:\/\/nusswerker.com\/index.php?rest_route=\/wp\/v2\/pages\/119\/revisions"}],"predecessor-version":[{"id":124,"href":"https:\/\/nusswerker.com\/index.php?rest_route=\/wp\/v2\/pages\/119\/revisions\/124"}],"wp:attachment":[{"href":"https:\/\/nusswerker.com\/index.php?rest_route=%2Fwp%2Fv2%2Fmedia&parent=119"}],"curies":[{"name":"wp","href":"https:\/\/api.w.org\/{rel}","templated":true}]}}